{"id":48,"date":"2024-06-11T18:12:23","date_gmt":"2024-06-11T23:12:23","guid":{"rendered":"https:\/\/lhcsantabarbara.org\/?page_id=48"},"modified":"2024-06-11T20:46:12","modified_gmt":"2024-06-12T01:46:12","slug":"quienes-somos","status":"publish","type":"page","link":"https:\/\/lhcsantabarbara.org\/index.php\/quienes-somos\/","title":{"rendered":"Quienes Somos"},"content":{"rendered":"<div class=\"wp-block-image\">\n<figure class=\"alignleft size-large is-resized\"><img loading=\"lazy\" decoding=\"async\" width=\"1024\" height=\"768\" src=\"https:\/\/lhcsantabarbara.org\/wp-content\/uploads\/2024\/06\/IMG-20230419-WA0007-1024x768.jpg\" alt=\"\" class=\"wp-image-69\" style=\"width:370px;height:auto\" srcset=\"https:\/\/lhcsantabarbara.org\/wp-content\/uploads\/2024\/06\/IMG-20230419-WA0007-1024x768.jpg 1024w, https:\/\/lhcsantabarbara.org\/wp-content\/uploads\/2024\/06\/IMG-20230419-WA0007-300x225.jpg 300w, https:\/\/lhcsantabarbara.org\/wp-content\/uploads\/2024\/06\/IMG-20230419-WA0007-768x576.jpg 768w, https:\/\/lhcsantabarbara.org\/wp-content\/uploads\/2024\/06\/IMG-20230419-WA0007-1536x1152.jpg 1536w, https:\/\/lhcsantabarbara.org\/wp-content\/uploads\/2024\/06\/IMG-20230419-WA0007.jpg 1600w\" sizes=\"auto, (max-width: 1024px) 100vw, 1024px\" \/><\/figure><\/div>\n\n\n<div class=\"wp-block-group is-nowrap is-layout-flex wp-container-core-group-is-layout-1 wp-block-group-is-layout-flex\">\n<p>Somos un grupo de profesionales voluntarios, empresas y organizaciones interesadas en impactar positivamente a nuestra comunidad a trav\u00e9s de programas de educaci\u00f3n, orientaci\u00f3n, recreaci\u00f3n y acompa\u00f1amiento que generen bienestar en las personas de nuestro entorno y sus familias.<br><br>Life Hope Centers opera en varios pa\u00edses de Am\u00e9rica y Europa y se extiende cada a\u00f1o a otros lugares para lograr un impacto en un mayor n\u00famero de personas.<br><br>Prestamos servicios de manera gratuita a trav\u00e9s del voluntariado profesional y nos financiamos con aportes voluntarios de la comunidad en general y nuestros patrocinadores.<\/p>\n<\/div>\n","protected":false},"excerpt":{"rendered":"<p>Somos un grupo de profesionales voluntarios, empresas y organizaciones interesadas en impactar positivamente a nuestra comunidad a trav\u00e9s de programas de educaci\u00f3n, orientaci\u00f3n, recreaci\u00f3n y acompa\u00f1amiento que generen bienestar en las personas de nuestro entorno y sus familias. Life Hope Centers opera en varios pa\u00edses de Am\u00e9rica y Europa y se extiende cada a\u00f1o a [&hellip;]<\/p>\n","protected":false},"author":1,"featured_media":0,"parent":0,"menu_order":0,"comment_status":"closed","ping_status":"closed","template":"templates\/template_page-full-width.php","meta":{"_monsterinsights_skip_tracking":false,"_monsterinsights_sitenote_active":false,"_monsterinsights_sitenote_note":"","_monsterinsights_sitenote_category":0,"footnotes":""},"class_list":["post-48","page","type-page","status-publish","hentry"],"aioseo_notices":[],"_links":{"self":[{"href":"https:\/\/lhcsantabarbara.org\/index.php\/wp-json\/wp\/v2\/pages\/48","targetHints":{"allow":["GET"]}}],"collection":[{"href":"https:\/\/lhcsantabarbara.org\/index.php\/wp-json\/wp\/v2\/pages"}],"about":[{"href":"https:\/\/lhcsantabarbara.org\/index.php\/wp-json\/wp\/v2\/types\/page"}],"author":[{"embeddable":true,"href":"https:\/\/lhcsantabarbara.org\/index.php\/wp-json\/wp\/v2\/users\/1"}],"replies":[{"embeddable":true,"href":"https:\/\/lhcsantabarbara.org\/index.php\/wp-json\/wp\/v2\/comments?post=48"}],"version-history":[{"count":5,"href":"https:\/\/lhcsantabarbara.org\/index.php\/wp-json\/wp\/v2\/pages\/48\/revisions"}],"predecessor-version":[{"id":76,"href":"https:\/\/lhcsantabarbara.org\/index.php\/wp-json\/wp\/v2\/pages\/48\/revisions\/76"}],"wp:attachment":[{"href":"https:\/\/lhcsantabarbara.org\/index.php\/wp-json\/wp\/v2\/media?parent=48"}],"curies":[{"name":"wp","href":"https:\/\/api.w.org\/{rel}","templated":true}]}}