{"id":57,"date":"2024-06-11T18:59:15","date_gmt":"2024-06-11T23:59:15","guid":{"rendered":"https:\/\/lhcsantabarbara.org\/?page_id=57"},"modified":"2024-06-11T18:59:15","modified_gmt":"2024-06-11T23:59:15","slug":"contactenos","status":"publish","type":"page","link":"https:\/\/lhcsantabarbara.org\/index.php\/contactenos\/","title":{"rendered":"Cont\u00e1ctenos"},"content":{"rendered":"\n<p>Life Hope Center &#8211; Santa B\u00e1rbara<br>Calle 126A # 7C-88 Santa B\u00e1rbara Oriental, Bogot\u00e1<br><br><a href=\"mailto:info@lhcsantabarbara.org\" title=\"\">info@lhcsantabarbara.org<\/a><br><br>Celular y Whatsapp: <a href=\"tel:3105867230.\" title=\"\">3105867230<\/a><br><\/p>\n","protected":false},"excerpt":{"rendered":"<p>Life Hope Center &#8211; Santa B\u00e1rbaraCalle 126A # 7C-88 Santa B\u00e1rbara Oriental, Bogot\u00e1 info@lhcsantabarbara.org Celular y Whatsapp: 3105867230<\/p>\n","protected":false},"author":1,"featured_media":0,"parent":0,"menu_order":0,"comment_status":"closed","ping_status":"closed","template":"templates\/template_page-full-width.php","meta":{"_monsterinsights_skip_tracking":false,"_monsterinsights_sitenote_active":false,"_monsterinsights_sitenote_note":"","_monsterinsights_sitenote_category":0,"footnotes":""},"class_list":["post-57","page","type-page","status-publish","hentry"],"aioseo_notices":[],"_links":{"self":[{"href":"https:\/\/lhcsantabarbara.org\/index.php\/wp-json\/wp\/v2\/pages\/57","targetHints":{"allow":["GET"]}}],"collection":[{"href":"https:\/\/lhcsantabarbara.org\/index.php\/wp-json\/wp\/v2\/pages"}],"about":[{"href":"https:\/\/lhcsantabarbara.org\/index.php\/wp-json\/wp\/v2\/types\/page"}],"author":[{"embeddable":true,"href":"https:\/\/lhcsantabarbara.org\/index.php\/wp-json\/wp\/v2\/users\/1"}],"replies":[{"embeddable":true,"href":"https:\/\/lhcsantabarbara.org\/index.php\/wp-json\/wp\/v2\/comments?post=57"}],"version-history":[{"count":1,"href":"https:\/\/lhcsantabarbara.org\/index.php\/wp-json\/wp\/v2\/pages\/57\/revisions"}],"predecessor-version":[{"id":58,"href":"https:\/\/lhcsantabarbara.org\/index.php\/wp-json\/wp\/v2\/pages\/57\/revisions\/58"}],"wp:attachment":[{"href":"https:\/\/lhcsantabarbara.org\/index.php\/wp-json\/wp\/v2\/media?parent=57"}],"curies":[{"name":"wp","href":"https:\/\/api.w.org\/{rel}","templated":true}]}}